{"id":453001,"date":"2026-04-20T22:33:55","date_gmt":"2026-04-20T15:33:55","guid":{"rendered":"https:\/\/moroen.com\/pt\/?p=453001"},"modified":"2026-04-20T22:33:55","modified_gmt":"2026-04-20T15:33:55","slug":"salomon-xt-6-transparente-416409","status":"publish","type":"product","link":"https:\/\/moroen.com\/pt\/produkt\/salomon-xt-6-transparente-416409\/","title":{"rendered":"Salomon XT-6 Transparente 416409"},"content":{"rendered":"<p>Experimente o auge do desempenho off-trail com o Salomon XT-6 Clear 416409. Seu chassi avan\u00e7ado estabiliza todos os seus movimentos, enquanto a sola aderente Contragrip garante tra\u00e7\u00e3o incompar\u00e1vel em terrenos acidentados. A parte superior em malha transparente proporciona respirabilidade e uma est\u00e9tica elegante. Projetado com tecnologia SensiFit, adapta-se ao formato do seu p\u00e9 para um ajuste seguro e personalizado. Esteja voc\u00ea conquistando trilhas nas montanhas ou navegando pelas ruas urbanas, o XT-6 Clear permite que voc\u00ea explore com confian\u00e7a e estilo.<\/p>\n<ul>\n<li><strong>Combina\u00e7\u00e3o de cores:<\/strong> Black<\/li>\n<li><strong>C\u00f3digo de estilo:<\/strong> 416409<\/li>\n<li><strong>Cor:<\/strong> Black<\/li>\n<\/ul>\n","protected":false},"excerpt":{"rendered":"<p>Experimente o auge do desempenho off-trail com o Salomon XT-6 Clear 416409. Seu chassi avan\u00e7ado estabiliza todos os seus movimentos, enquanto a sola aderente Contragrip garante tra\u00e7\u00e3o incompar\u00e1vel em terrenos acidentados. A parte superior em malha transparente proporciona respirabilidade e uma est\u00e9tica elegante. Projetado com tecnologia SensiFit, adapta-se ao formato do seu p\u00e9 para um [&hellip;]<\/p>\n","protected":false},"featured_media":453349,"comment_status":"closed","ping_status":"closed","template":"","meta":[],"product_brand":[],"product_cat":[19669],"product_tag":[22659,11446,22665,19670,22088,22669,22658,10937],"class_list":{"0":"post-453001","1":"product","2":"type-product","3":"status-publish","4":"has-post-thumbnail","6":"product_cat-salomon","7":"product_tag-abaixo-do-preco-de-varejo","8":"product_tag-lightweight-hiking-shoes","9":"product_tag-presente-para-ele","10":"product_tag-salomon","11":"product_tag-salomon-running-shoes","12":"product_tag-tenis-de-trilha","13":"product_tag-zapatillas-deportivas-de-rendimiento","14":"product_tag-trail-running-shoes","16":"first","17":"instock","18":"taxable","19":"shipping-taxable","20":"purchasable","21":"product-type-simple"},"wcpa_form_fields":null,"_links":{"self":[{"href":"https:\/\/moroen.com\/pt\/wp-json\/wp\/v2\/product\/453001","targetHints":{"allow":["GET"]}}],"collection":[{"href":"https:\/\/moroen.com\/pt\/wp-json\/wp\/v2\/product"}],"about":[{"href":"https:\/\/moroen.com\/pt\/wp-json\/wp\/v2\/types\/product"}],"replies":[{"embeddable":true,"href":"https:\/\/moroen.com\/pt\/wp-json\/wp\/v2\/comments?post=453001"}],"wp:featuredmedia":[{"embeddable":true,"href":"https:\/\/moroen.com\/pt\/wp-json\/wp\/v2\/media\/453349"}],"wp:attachment":[{"href":"https:\/\/moroen.com\/pt\/wp-json\/wp\/v2\/media?parent=453001"}],"wp:term":[{"taxonomy":"product_brand","embeddable":true,"href":"https:\/\/moroen.com\/pt\/wp-json\/wp\/v2\/product_brand?post=453001"},{"taxonomy":"product_cat","embeddable":true,"href":"https:\/\/moroen.com\/pt\/wp-json\/wp\/v2\/product_cat?post=453001"},{"taxonomy":"product_tag","embeddable":true,"href":"https:\/\/moroen.com\/pt\/wp-json\/wp\/v2\/product_tag?post=453001"}],"curies":[{"name":"wp","href":"https:\/\/api.w.org\/{rel}","templated":true}]}}