{"id":453466,"date":"2026-04-20T22:33:55","date_gmt":"2026-04-20T15:33:55","guid":{"rendered":"https:\/\/moroen.com\/pt\/?p=453466"},"modified":"2026-04-20T22:33:55","modified_gmt":"2026-04-20T15:33:55","slug":"salomon-xt-6-softground-adv-413172","status":"publish","type":"product","link":"https:\/\/moroen.com\/pt\/produkt\/salomon-xt-6-softground-adv-413172\/","title":{"rendered":"Salomon XT-6 Softground Adv 413172"},"content":{"rendered":"<p>Eleve suas aventuras off-road com o Salomon XT-6 Softground Adv 413172. Esses t\u00eanis de caminhada avan\u00e7ados apresentam ader\u00eancia excepcional em terrenos macios e inst\u00e1veis, gra\u00e7as ao seu padr\u00e3o agressivo de sali\u00eancias e \u00e0 tecnologia Contagrip\u00ae. O avan\u00e7ado sistema de chassi proporciona estabilidade e prote\u00e7\u00e3o, enquanto a palmilha OrthoLite\u00ae garante conforto duradouro. Com a sua constru\u00e7\u00e3o imperme\u00e1vel e respir\u00e1vel, estes sapatos mant\u00eam os p\u00e9s secos e confort\u00e1veis \u200b\u200bem todas as condi\u00e7\u00f5es. Abrace cada trilha com confian\u00e7a e conquiste os elementos com Salomon XT-6 Softground Adv 413172.<\/p>\n<ul>\n<li><strong>Combina\u00e7\u00e3o de cores:<\/strong> Purple<\/li>\n<li><strong>C\u00f3digo de estilo:<\/strong> 413172<\/li>\n<li><strong>Cor:<\/strong> White<\/li>\n<\/ul>\n","protected":false},"excerpt":{"rendered":"<p>Eleve suas aventuras off-road com o Salomon XT-6 Softground Adv 413172. Esses t\u00eanis de caminhada avan\u00e7ados apresentam ader\u00eancia excepcional em terrenos macios e inst\u00e1veis, gra\u00e7as ao seu padr\u00e3o agressivo de sali\u00eancias e \u00e0 tecnologia Contagrip\u00ae. O avan\u00e7ado sistema de chassi proporciona estabilidade e prote\u00e7\u00e3o, enquanto a palmilha OrthoLite\u00ae garante conforto duradouro. Com a sua constru\u00e7\u00e3o [&hellip;]<\/p>\n","protected":false},"featured_media":453548,"comment_status":"closed","ping_status":"closed","template":"","meta":[],"product_brand":[],"product_cat":[19669],"product_tag":[22665,19670,22088,22669,22658,10937,11447],"class_list":{"0":"post-453466","1":"product","2":"type-product","3":"status-publish","4":"has-post-thumbnail","6":"product_cat-salomon","7":"product_tag-presente-para-ele","8":"product_tag-salomon","9":"product_tag-salomon-running-shoes","10":"product_tag-tenis-de-trilha","11":"product_tag-zapatillas-deportivas-de-rendimiento","12":"product_tag-trail-running-shoes","13":"product_tag-waterproof-hiking-shoes","15":"first","16":"instock","17":"taxable","18":"shipping-taxable","19":"purchasable","20":"product-type-simple"},"wcpa_form_fields":null,"_links":{"self":[{"href":"https:\/\/moroen.com\/pt\/wp-json\/wp\/v2\/product\/453466","targetHints":{"allow":["GET"]}}],"collection":[{"href":"https:\/\/moroen.com\/pt\/wp-json\/wp\/v2\/product"}],"about":[{"href":"https:\/\/moroen.com\/pt\/wp-json\/wp\/v2\/types\/product"}],"replies":[{"embeddable":true,"href":"https:\/\/moroen.com\/pt\/wp-json\/wp\/v2\/comments?post=453466"}],"wp:featuredmedia":[{"embeddable":true,"href":"https:\/\/moroen.com\/pt\/wp-json\/wp\/v2\/media\/453548"}],"wp:attachment":[{"href":"https:\/\/moroen.com\/pt\/wp-json\/wp\/v2\/media?parent=453466"}],"wp:term":[{"taxonomy":"product_brand","embeddable":true,"href":"https:\/\/moroen.com\/pt\/wp-json\/wp\/v2\/product_brand?post=453466"},{"taxonomy":"product_cat","embeddable":true,"href":"https:\/\/moroen.com\/pt\/wp-json\/wp\/v2\/product_cat?post=453466"},{"taxonomy":"product_tag","embeddable":true,"href":"https:\/\/moroen.com\/pt\/wp-json\/wp\/v2\/product_tag?post=453466"}],"curies":[{"name":"wp","href":"https:\/\/api.w.org\/{rel}","templated":true}]}}