{"id":453476,"date":"2026-04-20T22:33:55","date_gmt":"2026-04-20T15:33:55","guid":{"rendered":"https:\/\/moroen.com\/pt\/?p=453476"},"modified":"2026-04-20T22:33:55","modified_gmt":"2026-04-20T15:33:55","slug":"salomon-xt-6-bambu-verde-caixa-de-presente-414548s-box","status":"publish","type":"product","link":"https:\/\/moroen.com\/pt\/produkt\/salomon-xt-6-bambu-verde-caixa-de-presente-414548s-box\/","title":{"rendered":"Salomon XT-6 &#8216;Bambu Verde &#8211; Caixa de Presente&#8217; 414548(S-BOX)"},"content":{"rendered":"<p>Experimente o melhor desempenho e estilo com o Salomon XT-6 &#8216;Bamboo Green &#8211; Gift Box&#8217; 414548(S-BOX). Projetado para entusiastas de atividades ao ar livre, este t\u00eanis de corrida premium oferece durabilidade, conforto e ader\u00eancia superiores. A impressionante colora\u00e7\u00e3o verde bambu \u00e9 complementada por recursos avan\u00e7ados de amortecimento e estabilidade, garantindo suporte ideal em qualquer terreno. Embalado em uma caixa de presente especial, \u00e9 a escolha perfeita para aventureiros que buscam funcionalidade e eleg\u00e2ncia. Eleve seu jogo de trilha com Salomon XT-<\/p>\n<ul>\n<li><strong>C\u00f3digo de estilo:<\/strong> 414548(S-BOX)<\/li>\n<li><strong>Cor:<\/strong> Teal<\/li>\n<\/ul>\n","protected":false},"excerpt":{"rendered":"<p>Experimente o melhor desempenho e estilo com o Salomon XT-6 &#8216;Bamboo Green &#8211; Gift Box&#8217; 414548(S-BOX). Projetado para entusiastas de atividades ao ar livre, este t\u00eanis de corrida premium oferece durabilidade, conforto e ader\u00eancia superiores. A impressionante colora\u00e7\u00e3o verde bambu \u00e9 complementada por recursos avan\u00e7ados de amortecimento e estabilidade, garantindo suporte ideal em qualquer terreno. [&hellip;]<\/p>\n","protected":false},"featured_media":453585,"comment_status":"closed","ping_status":"closed","template":"","meta":[],"product_brand":[],"product_cat":[19669],"product_tag":[11446,19670,22669,22658,10937],"class_list":{"0":"post-453476","1":"product","2":"type-product","3":"status-publish","4":"has-post-thumbnail","6":"product_cat-salomon","7":"product_tag-lightweight-hiking-shoes","8":"product_tag-salomon","9":"product_tag-tenis-de-trilha","10":"product_tag-zapatillas-deportivas-de-rendimiento","11":"product_tag-trail-running-shoes","13":"first","14":"instock","15":"taxable","16":"shipping-taxable","17":"purchasable","18":"product-type-simple"},"wcpa_form_fields":null,"_links":{"self":[{"href":"https:\/\/moroen.com\/pt\/wp-json\/wp\/v2\/product\/453476","targetHints":{"allow":["GET"]}}],"collection":[{"href":"https:\/\/moroen.com\/pt\/wp-json\/wp\/v2\/product"}],"about":[{"href":"https:\/\/moroen.com\/pt\/wp-json\/wp\/v2\/types\/product"}],"replies":[{"embeddable":true,"href":"https:\/\/moroen.com\/pt\/wp-json\/wp\/v2\/comments?post=453476"}],"wp:featuredmedia":[{"embeddable":true,"href":"https:\/\/moroen.com\/pt\/wp-json\/wp\/v2\/media\/453585"}],"wp:attachment":[{"href":"https:\/\/moroen.com\/pt\/wp-json\/wp\/v2\/media?parent=453476"}],"wp:term":[{"taxonomy":"product_brand","embeddable":true,"href":"https:\/\/moroen.com\/pt\/wp-json\/wp\/v2\/product_brand?post=453476"},{"taxonomy":"product_cat","embeddable":true,"href":"https:\/\/moroen.com\/pt\/wp-json\/wp\/v2\/product_cat?post=453476"},{"taxonomy":"product_tag","embeddable":true,"href":"https:\/\/moroen.com\/pt\/wp-json\/wp\/v2\/product_tag?post=453476"}],"curies":[{"name":"wp","href":"https:\/\/api.w.org\/{rel}","templated":true}]}}