{"id":453493,"date":"2026-04-20T22:32:11","date_gmt":"2026-04-20T15:32:11","guid":{"rendered":"https:\/\/moroen.com\/es\/?p=453493"},"modified":"2026-04-20T22:32:11","modified_gmt":"2026-04-20T15:32:11","slug":"salomon-acs-pro-profesional-471322","status":"publish","type":"product","link":"https:\/\/moroen.com\/pt\/produkt\/salomon-acs-pro-profesional-471322\/","title":{"rendered":"Salomon Acs Pro Profesional 471322"},"content":{"rendered":"<p>Experimente la m\u00e1xima comodidad y rendimiento con Salomon Acs Pro Professional 471322. Fabricada con tecnolog\u00eda Advanced Chassis, esta bota de monta\u00f1a proporciona estabilidad y soporte excepcionales en senderos accidentados. La membrana impermeable ClimaSalomon mantiene tus pies secos, mientras que la plantilla OrthoLite brinda una amortiguaci\u00f3n duradera. Su suela Vibram garantiza una tracci\u00f3n y durabilidad superiores, lo que te permite conquistar cualquier terreno con confianza. Mejora tus aventuras de senderismo con Salomon Acs Pro Professional 471322.<\/p>\n<ul>\n<li><strong>Combinaci\u00f3n de colores:<\/strong> White<\/li>\n<li><strong>C\u00f3digo de estilo:<\/strong> 471322<\/li>\n<li><strong>Color:<\/strong> Multi<\/li>\n<\/ul>\n","protected":false},"excerpt":{"rendered":"<p>Experimente la m\u00e1xima comodidad y rendimiento con Salomon Acs Pro Professional 471322. Fabricada con tecnolog\u00eda Advanced Chassis, esta bota de monta\u00f1a proporciona estabilidad y soporte excepcionales en senderos accidentados. La membrana impermeable ClimaSalomon mantiene tus pies secos, mientras que la plantilla OrthoLite brinda una amortiguaci\u00f3n duradera. Su suela Vibram garantiza una tracci\u00f3n y durabilidad superiores, [&hellip;]<\/p>\n","protected":false},"featured_media":453630,"comment_status":"closed","ping_status":"closed","template":"","meta":[],"product_brand":[],"product_cat":[19669],"product_tag":[10777,22689,19670,10937,22677,22658],"class_list":{"0":"post-453493","1":"product","2":"type-product","3":"status-publish","4":"has-post-thumbnail","6":"product_cat-salomon","7":"product_tag-performance-running-shoes","8":"product_tag-regalo-para-el","9":"product_tag-salomon","10":"product_tag-trail-running-shoes","11":"product_tag-zapatillas-de-running","12":"product_tag-zapatillas-deportivas-de-rendimiento","14":"first","15":"instock","16":"taxable","17":"shipping-taxable","18":"purchasable","19":"product-type-simple"},"wcpa_form_fields":null,"_links":{"self":[{"href":"https:\/\/moroen.com\/pt\/wp-json\/wp\/v2\/product\/453493","targetHints":{"allow":["GET"]}}],"collection":[{"href":"https:\/\/moroen.com\/pt\/wp-json\/wp\/v2\/product"}],"about":[{"href":"https:\/\/moroen.com\/pt\/wp-json\/wp\/v2\/types\/product"}],"replies":[{"embeddable":true,"href":"https:\/\/moroen.com\/pt\/wp-json\/wp\/v2\/comments?post=453493"}],"wp:featuredmedia":[{"embeddable":true,"href":"https:\/\/moroen.com\/pt\/wp-json\/wp\/v2\/media\/453630"}],"wp:attachment":[{"href":"https:\/\/moroen.com\/pt\/wp-json\/wp\/v2\/media?parent=453493"}],"wp:term":[{"taxonomy":"product_brand","embeddable":true,"href":"https:\/\/moroen.com\/pt\/wp-json\/wp\/v2\/product_brand?post=453493"},{"taxonomy":"product_cat","embeddable":true,"href":"https:\/\/moroen.com\/pt\/wp-json\/wp\/v2\/product_cat?post=453493"},{"taxonomy":"product_tag","embeddable":true,"href":"https:\/\/moroen.com\/pt\/wp-json\/wp\/v2\/product_tag?post=453493"}],"curies":[{"name":"wp","href":"https:\/\/api.w.org\/{rel}","templated":true}]}}